{"id":47,"date":"2016-01-11T21:54:56","date_gmt":"2016-01-11T20:54:56","guid":{"rendered":"https:\/\/dev.nordicironore.se\/?page_id=47&#038;lang=en"},"modified":"2022-10-02T19:45:37","modified_gmt":"2022-10-02T17:45:37","slug":"about-us","status":"publish","type":"page","link":"https:\/\/dev.nordicironore.se\/en\/about-us\/","title":{"rendered":"We are using modern technology to start mining in a sustainable manner"},"content":{"rendered":"<h2>Vision<\/h2>\n<p>Nordic Iron Ore will be a major Swedish producer of high-grade iron ore products.<\/p>\n<h2>Business concept<\/h2>\n<p>Nordic Iron Ore\u2019s business concept is to own iron ore deposits in the mining district known as Bergslagen either under its own auspices or with other operators, and to develop them into operational mines with sound long-term profitability that can supply high-grade products to steelworks in Europe and other parts of the world.<\/p>\n<h2>Strategy<\/h2>\n<ul>\n<li>Nordic Iron Ore aims to realise our business concept through:<\/li>\n<li>Exploring and developing high-grade iron ore deposits<\/li>\n<li>Creating an efficient, complete solution for mining, concentration and logistics<\/li>\n<li>Being an attractive business partner providing a high level of reliability of supply for selected customer segments, and having the ability to tailor products specifically to customers<\/li>\n<li>Producing and marketing a niche product with a very high iron content<\/li>\n<\/ul>\n<h2>Objectives<\/h2>\n<p>The company\u2019s operational objectives are to:<\/p>\n<ul>\n<li>Resume mining operations at Bl\u00f6tberget and H\u00e5ksberg, starting in Bl\u00f6tberget (where necessary permits are granted), and gradually expanding to an anticipated annual production of about 4 million tonnes of end product at full operation<\/li>\n<li>Substantially expand its mineral resources, primarily through continued exploration of the V\u00e4sman field<\/li>\n<li>Obtain the necessary permits for mining operations in the V\u00e4sman field<\/li>\n<li>Sign long-term customer contracts for its entire production volume.<\/li>\n<\/ul>\n<p>The company\u2019s financial objectives are to achieve sustainable profit after financial expenses at a level that is at least on a par with the average for the industry within two years of the start of production.<\/p>\n","protected":false},"excerpt":{"rendered":"<p>Vision Nordic Iron Ore will be a major Swedish producer of high-grade iron ore products. Business concept Nordic Iron Ore\u2019s business concept is to own iron ore deposits in the mining district known as Bergslagen either under its own auspices or with other operators, and to develop them into operational mines with sound long-term profitability &hellip; <a href=\"https:\/\/dev.nordicironore.se\/en\/about-us\/\" class=\"more-link\">Continue reading <span class=\"screen-reader-text\">We are using modern technology to start mining in a sustainable manner<\/span> <span class=\"meta-nav\">&rarr;<\/span><\/a><\/p>\n","protected":false},"author":1,"featured_media":0,"parent":0,"menu_order":0,"comment_status":"closed","ping_status":"closed","template":"","meta":{"_acf_changed":false,"_monsterinsights_skip_tracking":false,"_monsterinsights_sitenote_active":false,"_monsterinsights_sitenote_note":"","_monsterinsights_sitenote_category":0,"footnotes":""},"class_list":["post-47","page","type-page","status-publish","hentry"],"acf":[],"yoast_head":"<!-- This site is optimized with the Yoast SEO plugin v24.0 - https:\/\/yoast.com\/wordpress\/plugins\/seo\/ -->\n<title>We are using modern technology to start mining in a sustainable manner - Nordic Iron Ore<\/title>\n<meta name=\"robots\" content=\"noindex, follow, max-snippet:-1, max-image-preview:large, max-video-preview:-1\" \/>\n<meta property=\"og:locale\" content=\"en_US\" \/>\n<meta property=\"og:type\" content=\"article\" \/>\n<meta property=\"og:title\" content=\"We are using modern technology to start mining in a sustainable manner - Nordic Iron Ore\" \/>\n<meta property=\"og:description\" content=\"Vision Nordic Iron Ore will be a major Swedish producer of high-grade iron ore products. Business concept Nordic Iron Ore\u2019s business concept is to own iron ore deposits in the mining district known as Bergslagen either under its own auspices or with other operators, and to develop them into operational mines with sound long-term profitability &hellip; Continue reading We are using modern technology to start mining in a sustainable manner &rarr;\" \/>\n<meta property=\"og:url\" content=\"https:\/\/dev.nordicironore.se\/en\/about-us\/\" \/>\n<meta property=\"og:site_name\" content=\"Nordic Iron Ore\" \/>\n<meta property=\"article:modified_time\" content=\"2022-10-02T17:45:37+00:00\" \/>\n<meta property=\"og:image\" content=\"https:\/\/dev.nordicironore.se\/wp-content\/uploads\/2022\/09\/1000_f_186153640_sdgwnmw9ateximrulpux2r6mfy1ie45x.jpg\" \/>\n\t<meta property=\"og:image:width\" content=\"1000\" \/>\n\t<meta property=\"og:image:height\" content=\"662\" \/>\n\t<meta property=\"og:image:type\" content=\"image\/jpeg\" \/>\n<meta name=\"twitter:card\" content=\"summary_large_image\" \/>\n<meta name=\"twitter:label1\" content=\"Est. reading time\" \/>\n\t<meta name=\"twitter:data1\" content=\"2 minutes\" \/>\n<script type=\"application\/ld+json\" class=\"yoast-schema-graph\">{\"@context\":\"https:\/\/schema.org\",\"@graph\":[{\"@type\":\"WebPage\",\"@id\":\"https:\/\/dev.nordicironore.se\/en\/about-us\/\",\"url\":\"https:\/\/dev.nordicironore.se\/en\/about-us\/\",\"name\":\"We are using modern technology to start mining in a sustainable manner - Nordic Iron Ore\",\"isPartOf\":{\"@id\":\"https:\/\/dev.nordicironore.se\/#website\"},\"datePublished\":\"2016-01-11T20:54:56+00:00\",\"dateModified\":\"2022-10-02T17:45:37+00:00\",\"inLanguage\":\"en-US\",\"potentialAction\":[{\"@type\":\"ReadAction\",\"target\":[\"https:\/\/dev.nordicironore.se\/en\/about-us\/\"]}]},{\"@type\":\"WebSite\",\"@id\":\"https:\/\/dev.nordicironore.se\/#website\",\"url\":\"https:\/\/dev.nordicironore.se\/\",\"name\":\"Nordic Iron Ore\",\"description\":\"Ett gruvutvecklingsbolag i so\u0308dra Dalarna\",\"potentialAction\":[{\"@type\":\"SearchAction\",\"target\":{\"@type\":\"EntryPoint\",\"urlTemplate\":\"https:\/\/dev.nordicironore.se\/?s={search_term_string}\"},\"query-input\":{\"@type\":\"PropertyValueSpecification\",\"valueRequired\":true,\"valueName\":\"search_term_string\"}}],\"inLanguage\":\"en-US\"}]}<\/script>\n<!-- \/ Yoast SEO plugin. -->","yoast_head_json":{"title":"We are using modern technology to start mining in a sustainable manner - Nordic Iron Ore","robots":{"index":"noindex","follow":"follow","max-snippet":"max-snippet:-1","max-image-preview":"max-image-preview:large","max-video-preview":"max-video-preview:-1"},"og_locale":"en_US","og_type":"article","og_title":"We are using modern technology to start mining in a sustainable manner - Nordic Iron Ore","og_description":"Vision Nordic Iron Ore will be a major Swedish producer of high-grade iron ore products. Business concept Nordic Iron Ore\u2019s business concept is to own iron ore deposits in the mining district known as Bergslagen either under its own auspices or with other operators, and to develop them into operational mines with sound long-term profitability &hellip; Continue reading We are using modern technology to start mining in a sustainable manner &rarr;","og_url":"https:\/\/dev.nordicironore.se\/en\/about-us\/","og_site_name":"Nordic Iron Ore","article_modified_time":"2022-10-02T17:45:37+00:00","og_image":[{"width":1000,"height":662,"url":"https:\/\/dev.nordicironore.se\/wp-content\/uploads\/2022\/09\/1000_f_186153640_sdgwnmw9ateximrulpux2r6mfy1ie45x.jpg","type":"image\/jpeg"}],"twitter_card":"summary_large_image","twitter_misc":{"Est. reading time":"2 minutes"},"schema":{"@context":"https:\/\/schema.org","@graph":[{"@type":"WebPage","@id":"https:\/\/dev.nordicironore.se\/en\/about-us\/","url":"https:\/\/dev.nordicironore.se\/en\/about-us\/","name":"We are using modern technology to start mining in a sustainable manner - Nordic Iron Ore","isPartOf":{"@id":"https:\/\/dev.nordicironore.se\/#website"},"datePublished":"2016-01-11T20:54:56+00:00","dateModified":"2022-10-02T17:45:37+00:00","inLanguage":"en-US","potentialAction":[{"@type":"ReadAction","target":["https:\/\/dev.nordicironore.se\/en\/about-us\/"]}]},{"@type":"WebSite","@id":"https:\/\/dev.nordicironore.se\/#website","url":"https:\/\/dev.nordicironore.se\/","name":"Nordic Iron Ore","description":"Ett gruvutvecklingsbolag i so\u0308dra Dalarna","potentialAction":[{"@type":"SearchAction","target":{"@type":"EntryPoint","urlTemplate":"https:\/\/dev.nordicironore.se\/?s={search_term_string}"},"query-input":{"@type":"PropertyValueSpecification","valueRequired":true,"valueName":"search_term_string"}}],"inLanguage":"en-US"}]}},"_links":{"self":[{"href":"https:\/\/dev.nordicironore.se\/en\/wp-json\/wp\/v2\/pages\/47","targetHints":{"allow":["GET"]}}],"collection":[{"href":"https:\/\/dev.nordicironore.se\/en\/wp-json\/wp\/v2\/pages"}],"about":[{"href":"https:\/\/dev.nordicironore.se\/en\/wp-json\/wp\/v2\/types\/page"}],"author":[{"embeddable":true,"href":"https:\/\/dev.nordicironore.se\/en\/wp-json\/wp\/v2\/users\/1"}],"replies":[{"embeddable":true,"href":"https:\/\/dev.nordicironore.se\/en\/wp-json\/wp\/v2\/comments?post=47"}],"version-history":[{"count":9,"href":"https:\/\/dev.nordicironore.se\/en\/wp-json\/wp\/v2\/pages\/47\/revisions"}],"predecessor-version":[{"id":2790,"href":"https:\/\/dev.nordicironore.se\/en\/wp-json\/wp\/v2\/pages\/47\/revisions\/2790"}],"wp:attachment":[{"href":"https:\/\/dev.nordicironore.se\/en\/wp-json\/wp\/v2\/media?parent=47"}],"curies":[{"name":"wp","href":"https:\/\/api.w.org\/{rel}","templated":true}]}}