{"id":386,"date":"2016-01-12T09:15:31","date_gmt":"2016-01-12T08:15:31","guid":{"rendered":"https:\/\/dev.nordicironore.se\/en\/about-us\/bakgrund-och-historik\/"},"modified":"2022-10-03T10:07:37","modified_gmt":"2022-10-03T08:07:37","slug":"history","status":"publish","type":"page","link":"https:\/\/dev.nordicironore.se\/en\/about-us\/history\/","title":{"rendered":"History"},"content":{"rendered":"<p>At Bl\u00f6tberget, Gruv AB Vulcanus and thereafter Stora Kopparberg Bergslags AB followed by SSAB mined iron ore until 1979 when the mine was decommissioned due to the lack of profitability because of the low price of iron ore at that time.<\/p>\n<p>Before the closure, the mine at Bl\u00f6tberget produced about 300,000 tonnes of iron ore products annually, and at the time of the closure, according to the means of calculating at that time, there were 5 million tonnes of \u201dmeasured ore\u201d with 43 percent iron and 20 million tonnes of \u201dprobable ore\u201d with 43 percent iron. Iron ore was mined until 1979 at the H\u00e5ksberg field. The annual production was around 250,000 tonnes of iron ore products, and at the time of closure, according to the then method of calculation, there were 14.5 million tonnes of \u201dmeasured ore\u201d with 36 percent iron and 22 million tonnes of \u201dprobable ore\u201d with 36 percent iron.<\/p>\n<table class=\"row history-table\">\n<tbody>\n<tr>\n<td>\n<h2>1900<\/h2>\n<\/td>\n<td>Bergverks AB Vulcanus startar storskalig gruvdrift.<\/td>\n<\/tr>\n<tr>\n<td>\n<h2>1944<\/h2>\n<\/td>\n<td>Stora Kopparberg Bergslags AB p\u00e5b\u00f6rjar f\u00f6rberedelserna f\u00f6r brytning inom n\u00e4rbel\u00e4gna utm\u00e5l.<br \/>\nBergslagsschaktet s\u00e4nks och modernt industriomr\u00e5de etableras.<\/td>\n<\/tr>\n<tr>\n<td>\n<h2>1949<\/h2>\n<\/td>\n<td>Stora Kopparberg Bergslags AB k\u00f6per<br \/>\nVulcanusgruvan fr\u00e5n flyktkapitalbyr\u00e5n.<\/td>\n<\/tr>\n<tr>\n<td>\n<h2>1950\u20111966<\/h2>\n<\/td>\n<td>Gruvomr\u00e5det integreras, b\u00e5de Vulcanusgruvan och<br \/>\nBergslagsschakten utnyttjas. \u00c5rsproduktionen n\u00e5r cirka\u00a0400 kiloton r\u00e5malm och 220 kiloton sligprodukter.<\/td>\n<\/tr>\n<tr>\n<td>\n<h2>1986\u20111975<\/h2>\n<\/td>\n<td>Bergslagsschaktet avs\u00e4nks till 570 meters avv\u00e4gning,\u00a0malmskippen uppgraderas till en \u00e5rskapacitet om\u00a0600 kiloton och den nya anl\u00e4ggningen tas i drift i\u00a0december 1975.<\/td>\n<\/tr>\n<tr>\n<td>\n<h2>1978<\/h2>\n<\/td>\n<td>SSAB bildas och Stora Kopparberg Bergslags AB\u00a0\u00f6verl\u00e5ter Bl\u00f6tbergets gruva.<\/td>\n<\/tr>\n<tr>\n<td>\n<h2>1979<\/h2>\n<\/td>\n<td>Gruvdriften upph\u00f6r.<\/td>\n<\/tr>\n<tr>\n<td>\n<h2>1980<\/h2>\n<\/td>\n<td>Tillst\u00e5nd och gruvr\u00e4ttigheter \u00e5terl\u00e4mnas till staten.<\/td>\n<\/tr>\n<tr>\n<td>\n<h2>2007<\/h2>\n<\/td>\n<td>Nya unders\u00f6kningstillst\u00e5nd s\u00f6ks och beviljas.<\/td>\n<\/tr>\n<tr>\n<td>\n<h2>2008<\/h2>\n<\/td>\n<td>Tillst\u00e5nden \u00f6verl\u00e5ts till Nordic Iron Ore.<\/td>\n<\/tr>\n<tr>\n<td>\n<h2>2010\u20112012<\/h2>\n<\/td>\n<td>Ans\u00f6kan om bearbetningskoncession och milj\u00f6tillst\u00e5nd.<\/td>\n<\/tr>\n<tr>\n<td>\n<h2>2014<\/h2>\n<\/td>\n<td>Bearbetningskoncessionen och milj\u00f6tillst\u00e5nd godk\u00e4ndes<\/td>\n<\/tr>\n<tr>\n<td>\n<h2>2015<\/h2>\n<\/td>\n<td>Teknisk rapport om mineraltillg\u00e5ngar utf\u00f6rd av bolaget DMT och ans\u00f6kan om bearbetningskoncession f\u00f6r V\u00e4smanf\u00e4ltet<\/td>\n<\/tr>\n<tr>\n<td>\n<h2>2016\u20112017<\/h2>\n<\/td>\n<td>Ans\u00f6kan om ytterligare bearbetningskoncession f\u00f6r Bl\u00f6tberget samt provanrikning med positiva resultat.<\/td>\n<\/tr>\n<tr>\n<td>\n<h2>2018<\/h2>\n<\/td>\n<td>Nordic Iron Ore noteras p\u00e5 Nasdaq First North.<\/td>\n<\/tr>\n<tr>\n<td>\n<h2>2019<\/h2>\n<\/td>\n<td>Genomf\u00f6rbarhetsstudie utf\u00f6rd av Golder f\u00f6r Bl\u00f6tberget publiceras.<\/td>\n<\/tr>\n<tr>\n<td>\n<h2>2020<\/h2>\n<\/td>\n<td>Optimeringsstudie utf\u00f6rd av Whittle Consulting publiceras.<\/td>\n<\/tr>\n<tr>\n<td>\n<h2>2021<\/h2>\n<\/td>\n<td>F\u00f6rhandlingar inleds med Cargill.<br \/>\nRonne Hamerslag tilltr\u00e4der som VD.<\/td>\n<\/tr>\n<\/tbody>\n<\/table>\n","protected":false},"excerpt":{"rendered":"<p>At Bl\u00f6tberget, Gruv AB Vulcanus and thereafter Stora Kopparberg Bergslags AB followed by SSAB mined iron ore until 1979 when the mine was decommissioned due to the lack of profitability because of the low price of iron ore at that time. Before the closure, the mine at Bl\u00f6tberget produced about 300,000 tonnes of iron ore &hellip; <a href=\"https:\/\/dev.nordicironore.se\/en\/about-us\/history\/\" class=\"more-link\">Continue reading <span class=\"screen-reader-text\">History<\/span> <span class=\"meta-nav\">&rarr;<\/span><\/a><\/p>\n","protected":false},"author":1,"featured_media":2763,"parent":47,"menu_order":0,"comment_status":"closed","ping_status":"closed","template":"","meta":{"_acf_changed":false,"_monsterinsights_skip_tracking":false,"_monsterinsights_sitenote_active":false,"_monsterinsights_sitenote_note":"","_monsterinsights_sitenote_category":0,"footnotes":""},"class_list":["post-386","page","type-page","status-publish","has-post-thumbnail","hentry"],"acf":[],"yoast_head":"<!-- This site is optimized with the Yoast SEO plugin v24.0 - https:\/\/yoast.com\/wordpress\/plugins\/seo\/ -->\n<title>History - Nordic Iron Ore<\/title>\n<meta name=\"robots\" content=\"noindex, follow, max-snippet:-1, max-image-preview:large, max-video-preview:-1\" \/>\n<meta property=\"og:locale\" content=\"en_US\" \/>\n<meta property=\"og:type\" content=\"article\" \/>\n<meta property=\"og:title\" content=\"History - Nordic Iron Ore\" \/>\n<meta property=\"og:description\" content=\"At Bl\u00f6tberget, Gruv AB Vulcanus and thereafter Stora Kopparberg Bergslags AB followed by SSAB mined iron ore until 1979 when the mine was decommissioned due to the lack of profitability because of the low price of iron ore at that time. Before the closure, the mine at Bl\u00f6tberget produced about 300,000 tonnes of iron ore &hellip; Continue reading History &rarr;\" \/>\n<meta property=\"og:url\" content=\"https:\/\/dev.nordicironore.se\/en\/about-us\/history\/\" \/>\n<meta property=\"og:site_name\" content=\"Nordic Iron Ore\" \/>\n<meta property=\"article:modified_time\" content=\"2022-10-03T08:07:37+00:00\" \/>\n<meta property=\"og:image\" content=\"https:\/\/dev.nordicironore.se\/wp-content\/uploads\/2022\/10\/historik.webp\" \/>\n\t<meta property=\"og:image:width\" content=\"1800\" \/>\n\t<meta property=\"og:image:height\" content=\"1192\" \/>\n\t<meta property=\"og:image:type\" content=\"image\/webp\" \/>\n<meta name=\"twitter:card\" content=\"summary_large_image\" \/>\n<meta name=\"twitter:label1\" content=\"Est. reading time\" \/>\n\t<meta name=\"twitter:data1\" content=\"2 minutes\" \/>\n<script type=\"application\/ld+json\" class=\"yoast-schema-graph\">{\"@context\":\"https:\/\/schema.org\",\"@graph\":[{\"@type\":\"WebPage\",\"@id\":\"https:\/\/dev.nordicironore.se\/en\/about-us\/history\/\",\"url\":\"https:\/\/dev.nordicironore.se\/en\/about-us\/history\/\",\"name\":\"History - Nordic Iron Ore\",\"isPartOf\":{\"@id\":\"https:\/\/dev.nordicironore.se\/#website\"},\"primaryImageOfPage\":{\"@id\":\"https:\/\/dev.nordicironore.se\/en\/about-us\/history\/#primaryimage\"},\"image\":{\"@id\":\"https:\/\/dev.nordicironore.se\/en\/about-us\/history\/#primaryimage\"},\"thumbnailUrl\":\"https:\/\/dev.nordicironore.se\/wp-content\/uploads\/2022\/10\/historik.webp\",\"datePublished\":\"2016-01-12T08:15:31+00:00\",\"dateModified\":\"2022-10-03T08:07:37+00:00\",\"breadcrumb\":{\"@id\":\"https:\/\/dev.nordicironore.se\/en\/about-us\/history\/#breadcrumb\"},\"inLanguage\":\"en-US\",\"potentialAction\":[{\"@type\":\"ReadAction\",\"target\":[\"https:\/\/dev.nordicironore.se\/en\/about-us\/history\/\"]}]},{\"@type\":\"ImageObject\",\"inLanguage\":\"en-US\",\"@id\":\"https:\/\/dev.nordicironore.se\/en\/about-us\/history\/#primaryimage\",\"url\":\"https:\/\/dev.nordicironore.se\/wp-content\/uploads\/2022\/10\/historik.webp\",\"contentUrl\":\"https:\/\/dev.nordicironore.se\/wp-content\/uploads\/2022\/10\/historik.webp\",\"width\":1800,\"height\":1192},{\"@type\":\"BreadcrumbList\",\"@id\":\"https:\/\/dev.nordicironore.se\/en\/about-us\/history\/#breadcrumb\",\"itemListElement\":[{\"@type\":\"ListItem\",\"position\":1,\"name\":\"We are using modern technology to start mining in a sustainable manner\",\"item\":\"https:\/\/dev.nordicironore.se\/en\/about-us\/\"},{\"@type\":\"ListItem\",\"position\":2,\"name\":\"History\"}]},{\"@type\":\"WebSite\",\"@id\":\"https:\/\/dev.nordicironore.se\/#website\",\"url\":\"https:\/\/dev.nordicironore.se\/\",\"name\":\"Nordic Iron Ore\",\"description\":\"Ett gruvutvecklingsbolag i so\u0308dra Dalarna\",\"potentialAction\":[{\"@type\":\"SearchAction\",\"target\":{\"@type\":\"EntryPoint\",\"urlTemplate\":\"https:\/\/dev.nordicironore.se\/?s={search_term_string}\"},\"query-input\":{\"@type\":\"PropertyValueSpecification\",\"valueRequired\":true,\"valueName\":\"search_term_string\"}}],\"inLanguage\":\"en-US\"}]}<\/script>\n<!-- \/ Yoast SEO plugin. -->","yoast_head_json":{"title":"History - Nordic Iron Ore","robots":{"index":"noindex","follow":"follow","max-snippet":"max-snippet:-1","max-image-preview":"max-image-preview:large","max-video-preview":"max-video-preview:-1"},"og_locale":"en_US","og_type":"article","og_title":"History - Nordic Iron Ore","og_description":"At Bl\u00f6tberget, Gruv AB Vulcanus and thereafter Stora Kopparberg Bergslags AB followed by SSAB mined iron ore until 1979 when the mine was decommissioned due to the lack of profitability because of the low price of iron ore at that time. Before the closure, the mine at Bl\u00f6tberget produced about 300,000 tonnes of iron ore &hellip; Continue reading History &rarr;","og_url":"https:\/\/dev.nordicironore.se\/en\/about-us\/history\/","og_site_name":"Nordic Iron Ore","article_modified_time":"2022-10-03T08:07:37+00:00","og_image":[{"width":1800,"height":1192,"url":"https:\/\/dev.nordicironore.se\/wp-content\/uploads\/2022\/10\/historik.webp","type":"image\/webp"}],"twitter_card":"summary_large_image","twitter_misc":{"Est. reading time":"2 minutes"},"schema":{"@context":"https:\/\/schema.org","@graph":[{"@type":"WebPage","@id":"https:\/\/dev.nordicironore.se\/en\/about-us\/history\/","url":"https:\/\/dev.nordicironore.se\/en\/about-us\/history\/","name":"History - Nordic Iron Ore","isPartOf":{"@id":"https:\/\/dev.nordicironore.se\/#website"},"primaryImageOfPage":{"@id":"https:\/\/dev.nordicironore.se\/en\/about-us\/history\/#primaryimage"},"image":{"@id":"https:\/\/dev.nordicironore.se\/en\/about-us\/history\/#primaryimage"},"thumbnailUrl":"https:\/\/dev.nordicironore.se\/wp-content\/uploads\/2022\/10\/historik.webp","datePublished":"2016-01-12T08:15:31+00:00","dateModified":"2022-10-03T08:07:37+00:00","breadcrumb":{"@id":"https:\/\/dev.nordicironore.se\/en\/about-us\/history\/#breadcrumb"},"inLanguage":"en-US","potentialAction":[{"@type":"ReadAction","target":["https:\/\/dev.nordicironore.se\/en\/about-us\/history\/"]}]},{"@type":"ImageObject","inLanguage":"en-US","@id":"https:\/\/dev.nordicironore.se\/en\/about-us\/history\/#primaryimage","url":"https:\/\/dev.nordicironore.se\/wp-content\/uploads\/2022\/10\/historik.webp","contentUrl":"https:\/\/dev.nordicironore.se\/wp-content\/uploads\/2022\/10\/historik.webp","width":1800,"height":1192},{"@type":"BreadcrumbList","@id":"https:\/\/dev.nordicironore.se\/en\/about-us\/history\/#breadcrumb","itemListElement":[{"@type":"ListItem","position":1,"name":"We are using modern technology to start mining in a sustainable manner","item":"https:\/\/dev.nordicironore.se\/en\/about-us\/"},{"@type":"ListItem","position":2,"name":"History"}]},{"@type":"WebSite","@id":"https:\/\/dev.nordicironore.se\/#website","url":"https:\/\/dev.nordicironore.se\/","name":"Nordic Iron Ore","description":"Ett gruvutvecklingsbolag i so\u0308dra Dalarna","potentialAction":[{"@type":"SearchAction","target":{"@type":"EntryPoint","urlTemplate":"https:\/\/dev.nordicironore.se\/?s={search_term_string}"},"query-input":{"@type":"PropertyValueSpecification","valueRequired":true,"valueName":"search_term_string"}}],"inLanguage":"en-US"}]}},"_links":{"self":[{"href":"https:\/\/dev.nordicironore.se\/en\/wp-json\/wp\/v2\/pages\/386","targetHints":{"allow":["GET"]}}],"collection":[{"href":"https:\/\/dev.nordicironore.se\/en\/wp-json\/wp\/v2\/pages"}],"about":[{"href":"https:\/\/dev.nordicironore.se\/en\/wp-json\/wp\/v2\/types\/page"}],"author":[{"embeddable":true,"href":"https:\/\/dev.nordicironore.se\/en\/wp-json\/wp\/v2\/users\/1"}],"replies":[{"embeddable":true,"href":"https:\/\/dev.nordicironore.se\/en\/wp-json\/wp\/v2\/comments?post=386"}],"version-history":[{"count":14,"href":"https:\/\/dev.nordicironore.se\/en\/wp-json\/wp\/v2\/pages\/386\/revisions"}],"predecessor-version":[{"id":2824,"href":"https:\/\/dev.nordicironore.se\/en\/wp-json\/wp\/v2\/pages\/386\/revisions\/2824"}],"up":[{"embeddable":true,"href":"https:\/\/dev.nordicironore.se\/en\/wp-json\/wp\/v2\/pages\/47"}],"wp:featuredmedia":[{"embeddable":true,"href":"https:\/\/dev.nordicironore.se\/en\/wp-json\/wp\/v2\/media\/2763"}],"wp:attachment":[{"href":"https:\/\/dev.nordicironore.se\/en\/wp-json\/wp\/v2\/media?parent=386"}],"curies":[{"name":"wp","href":"https:\/\/api.w.org\/{rel}","templated":true}]}}