{"id":374,"date":"2016-01-20T12:45:06","date_gmt":"2016-01-20T11:45:06","guid":{"rendered":"https:\/\/dev.nordicironore.se\/en\/projects\/bearbetningskoncessioner\/"},"modified":"2018-08-21T14:37:24","modified_gmt":"2018-08-21T12:37:24","slug":"mining-concessions","status":"publish","type":"page","link":"https:\/\/dev.nordicironore.se\/en\/operations\/mining-concessions\/","title":{"rendered":"Mining concessions"},"content":{"rendered":"<p>The company has been granted Four mining concessions &#8211; two in Bl\u00f6tberget, one in H\u00e5ksberg and one for the southern part of the V\u00e4sman field.<\/p>\n<p><strong>Bl\u00f6tberget<\/strong><br \/>\nNordic Iron Ore applied for a mining license in October 2010 and August 30, 2011 was granted an application by the Mining Inspectorate of Sweden. An extension area was approved August 2017. The mining concessions, which runs for 25 years with possibility of extension, implies the right of exploitation and utilization of iron, rare earths, and apatite.<\/p>\n<p><strong>H\u00e5ksberg<\/strong><br \/>\nNordic Iron Ore applied for a mining concession for the H\u00e5ksberg field in March 2011 and the Mining Inspectorate of Sweden granted this on 15 December 2011. The mining concession, which runs for 25 years with possibility of extension, implies the right of exploitation and utilization of iron, molybdenum, copper and tungsten.<\/p>\n<p><strong>South V\u00e4sman<\/strong><br \/>\nNordic Iron Ore applied for a mining concession for the South V\u00e4sman field in May 2015 and the Mining Inspectorate of Sweden granted this on 21 December 2017. The mining concession, which runs for 25 years with possibility of extension, implies the right of exploitation and utilization of iron.<\/p>\n","protected":false},"excerpt":{"rendered":"<p>The company has been granted Four mining concessions &#8211; two in Bl\u00f6tberget, one in H\u00e5ksberg and one for the southern part of the V\u00e4sman field. Bl\u00f6tberget Nordic Iron Ore applied for a mining license in October 2010 and August 30, 2011 was granted an application by the Mining Inspectorate of Sweden. An extension area was &hellip; <a href=\"https:\/\/dev.nordicironore.se\/en\/operations\/mining-concessions\/\" class=\"more-link\">Continue reading <span class=\"screen-reader-text\">Mining concessions<\/span> <span class=\"meta-nav\">&rarr;<\/span><\/a><\/p>\n","protected":false},"author":1,"featured_media":0,"parent":172,"menu_order":0,"comment_status":"closed","ping_status":"closed","template":"","meta":{"_acf_changed":false,"_monsterinsights_skip_tracking":false,"_monsterinsights_sitenote_active":false,"_monsterinsights_sitenote_note":"","_monsterinsights_sitenote_category":0,"footnotes":""},"class_list":["post-374","page","type-page","status-publish","hentry"],"acf":[],"yoast_head":"<!-- This site is optimized with the Yoast SEO plugin v24.0 - https:\/\/yoast.com\/wordpress\/plugins\/seo\/ -->\n<title>Mining concessions - Nordic Iron Ore<\/title>\n<meta name=\"robots\" content=\"noindex, follow, max-snippet:-1, max-image-preview:large, max-video-preview:-1\" \/>\n<meta property=\"og:locale\" content=\"en_US\" \/>\n<meta property=\"og:type\" content=\"article\" \/>\n<meta property=\"og:title\" content=\"Mining concessions - Nordic Iron Ore\" \/>\n<meta property=\"og:description\" content=\"The company has been granted Four mining concessions &#8211; two in Bl\u00f6tberget, one in H\u00e5ksberg and one for the southern part of the V\u00e4sman field. Bl\u00f6tberget Nordic Iron Ore applied for a mining license in October 2010 and August 30, 2011 was granted an application by the Mining Inspectorate of Sweden. An extension area was &hellip; Continue reading Mining concessions &rarr;\" \/>\n<meta property=\"og:url\" content=\"https:\/\/dev.nordicironore.se\/en\/operations\/mining-concessions\/\" \/>\n<meta property=\"og:site_name\" content=\"Nordic Iron Ore\" \/>\n<meta property=\"article:modified_time\" content=\"2018-08-21T12:37:24+00:00\" \/>\n<meta property=\"og:image\" content=\"https:\/\/dev.nordicironore.se\/wp-content\/uploads\/2022\/09\/1000_f_186153640_sdgwnmw9ateximrulpux2r6mfy1ie45x.jpg\" \/>\n\t<meta property=\"og:image:width\" content=\"1000\" \/>\n\t<meta property=\"og:image:height\" content=\"662\" \/>\n\t<meta property=\"og:image:type\" content=\"image\/jpeg\" \/>\n<meta name=\"twitter:card\" content=\"summary_large_image\" \/>\n<meta name=\"twitter:label1\" content=\"Est. reading time\" \/>\n\t<meta name=\"twitter:data1\" content=\"1 minute\" \/>\n<script type=\"application\/ld+json\" class=\"yoast-schema-graph\">{\"@context\":\"https:\/\/schema.org\",\"@graph\":[{\"@type\":\"WebPage\",\"@id\":\"https:\/\/dev.nordicironore.se\/en\/operations\/mining-concessions\/\",\"url\":\"https:\/\/dev.nordicironore.se\/en\/operations\/mining-concessions\/\",\"name\":\"Mining concessions - Nordic Iron Ore\",\"isPartOf\":{\"@id\":\"https:\/\/dev.nordicironore.se\/#website\"},\"datePublished\":\"2016-01-20T11:45:06+00:00\",\"dateModified\":\"2018-08-21T12:37:24+00:00\",\"breadcrumb\":{\"@id\":\"https:\/\/dev.nordicironore.se\/en\/operations\/mining-concessions\/#breadcrumb\"},\"inLanguage\":\"en-US\",\"potentialAction\":[{\"@type\":\"ReadAction\",\"target\":[\"https:\/\/dev.nordicironore.se\/en\/operations\/mining-concessions\/\"]}]},{\"@type\":\"BreadcrumbList\",\"@id\":\"https:\/\/dev.nordicironore.se\/en\/operations\/mining-concessions\/#breadcrumb\",\"itemListElement\":[{\"@type\":\"ListItem\",\"position\":1,\"name\":\"Nordic Iron Ore will produce a highgrade iron ore concentrate for green steelmaking\",\"item\":\"https:\/\/dev.nordicironore.se\/en\/operations\/\"},{\"@type\":\"ListItem\",\"position\":2,\"name\":\"Mining concessions\"}]},{\"@type\":\"WebSite\",\"@id\":\"https:\/\/dev.nordicironore.se\/#website\",\"url\":\"https:\/\/dev.nordicironore.se\/\",\"name\":\"Nordic Iron Ore\",\"description\":\"Ett gruvutvecklingsbolag i so\u0308dra Dalarna\",\"potentialAction\":[{\"@type\":\"SearchAction\",\"target\":{\"@type\":\"EntryPoint\",\"urlTemplate\":\"https:\/\/dev.nordicironore.se\/?s={search_term_string}\"},\"query-input\":{\"@type\":\"PropertyValueSpecification\",\"valueRequired\":true,\"valueName\":\"search_term_string\"}}],\"inLanguage\":\"en-US\"}]}<\/script>\n<!-- \/ Yoast SEO plugin. -->","yoast_head_json":{"title":"Mining concessions - Nordic Iron Ore","robots":{"index":"noindex","follow":"follow","max-snippet":"max-snippet:-1","max-image-preview":"max-image-preview:large","max-video-preview":"max-video-preview:-1"},"og_locale":"en_US","og_type":"article","og_title":"Mining concessions - Nordic Iron Ore","og_description":"The company has been granted Four mining concessions &#8211; two in Bl\u00f6tberget, one in H\u00e5ksberg and one for the southern part of the V\u00e4sman field. Bl\u00f6tberget Nordic Iron Ore applied for a mining license in October 2010 and August 30, 2011 was granted an application by the Mining Inspectorate of Sweden. An extension area was &hellip; Continue reading Mining concessions &rarr;","og_url":"https:\/\/dev.nordicironore.se\/en\/operations\/mining-concessions\/","og_site_name":"Nordic Iron Ore","article_modified_time":"2018-08-21T12:37:24+00:00","og_image":[{"width":1000,"height":662,"url":"https:\/\/dev.nordicironore.se\/wp-content\/uploads\/2022\/09\/1000_f_186153640_sdgwnmw9ateximrulpux2r6mfy1ie45x.jpg","type":"image\/jpeg"}],"twitter_card":"summary_large_image","twitter_misc":{"Est. reading time":"1 minute"},"schema":{"@context":"https:\/\/schema.org","@graph":[{"@type":"WebPage","@id":"https:\/\/dev.nordicironore.se\/en\/operations\/mining-concessions\/","url":"https:\/\/dev.nordicironore.se\/en\/operations\/mining-concessions\/","name":"Mining concessions - Nordic Iron Ore","isPartOf":{"@id":"https:\/\/dev.nordicironore.se\/#website"},"datePublished":"2016-01-20T11:45:06+00:00","dateModified":"2018-08-21T12:37:24+00:00","breadcrumb":{"@id":"https:\/\/dev.nordicironore.se\/en\/operations\/mining-concessions\/#breadcrumb"},"inLanguage":"en-US","potentialAction":[{"@type":"ReadAction","target":["https:\/\/dev.nordicironore.se\/en\/operations\/mining-concessions\/"]}]},{"@type":"BreadcrumbList","@id":"https:\/\/dev.nordicironore.se\/en\/operations\/mining-concessions\/#breadcrumb","itemListElement":[{"@type":"ListItem","position":1,"name":"Nordic Iron Ore will produce a highgrade iron ore concentrate for green steelmaking","item":"https:\/\/dev.nordicironore.se\/en\/operations\/"},{"@type":"ListItem","position":2,"name":"Mining concessions"}]},{"@type":"WebSite","@id":"https:\/\/dev.nordicironore.se\/#website","url":"https:\/\/dev.nordicironore.se\/","name":"Nordic Iron Ore","description":"Ett gruvutvecklingsbolag i so\u0308dra Dalarna","potentialAction":[{"@type":"SearchAction","target":{"@type":"EntryPoint","urlTemplate":"https:\/\/dev.nordicironore.se\/?s={search_term_string}"},"query-input":{"@type":"PropertyValueSpecification","valueRequired":true,"valueName":"search_term_string"}}],"inLanguage":"en-US"}]}},"_links":{"self":[{"href":"https:\/\/dev.nordicironore.se\/en\/wp-json\/wp\/v2\/pages\/374","targetHints":{"allow":["GET"]}}],"collection":[{"href":"https:\/\/dev.nordicironore.se\/en\/wp-json\/wp\/v2\/pages"}],"about":[{"href":"https:\/\/dev.nordicironore.se\/en\/wp-json\/wp\/v2\/types\/page"}],"author":[{"embeddable":true,"href":"https:\/\/dev.nordicironore.se\/en\/wp-json\/wp\/v2\/users\/1"}],"replies":[{"embeddable":true,"href":"https:\/\/dev.nordicironore.se\/en\/wp-json\/wp\/v2\/comments?post=374"}],"version-history":[{"count":12,"href":"https:\/\/dev.nordicironore.se\/en\/wp-json\/wp\/v2\/pages\/374\/revisions"}],"predecessor-version":[{"id":1391,"href":"https:\/\/dev.nordicironore.se\/en\/wp-json\/wp\/v2\/pages\/374\/revisions\/1391"}],"up":[{"embeddable":true,"href":"https:\/\/dev.nordicironore.se\/en\/wp-json\/wp\/v2\/pages\/172"}],"wp:attachment":[{"href":"https:\/\/dev.nordicironore.se\/en\/wp-json\/wp\/v2\/media?parent=374"}],"curies":[{"name":"wp","href":"https:\/\/api.w.org\/{rel}","templated":true}]}}