{"id":353,"date":"2016-01-20T12:51:01","date_gmt":"2016-01-20T11:51:01","guid":{"rendered":"https:\/\/dev.nordicironore.se\/en\/inverstors\/bolagsstyrning\/"},"modified":"2023-11-10T16:02:11","modified_gmt":"2023-11-10T15:02:11","slug":"corporate-governance","status":"publish","type":"page","link":"https:\/\/dev.nordicironore.se\/en\/ir\/corporate-governance\/","title":{"rendered":"Corporate governance"},"content":{"rendered":"<p>Corporate governance is a set of tools consisting of applicable rules, regulations and processes by which companies are operated, regulated and controlled in order to ensure that they are run in the best interest of the shareholders and in accordance with applicable laws and regulations.<\/p>\n<p>Corporate governance is exercised through structures of decision making and control functions. An important element of good corporate governance is providing the shareholders and the capital market with relevant and accurate information.<\/p>\n<p><a href=\"https:\/\/dev.nordicironore.se\/en\/ir\/prospectus-and-company-description\/\">Prospectus and Company Description<\/a><\/p>\n<hr \/>\n<h2>Board Of Directors<\/h2>\n<h4><strong>Tomas Olofsson<\/strong><u><\/u><\/h4>\n<p><strong>Board Member and chairman since May 2017<br \/>\n(<\/strong>Alternate director 2014 &#8211; 2016)<\/p>\n<p><strong><em>Born<\/em><\/strong>: 1968<\/p>\n<p>Other assignments: Managing director of Lemont AB, owner, partner and board member of Ludvika Holding AB, Gryt\u00e4nge Invest AB, Matojo AB, Fastighets AB Morg\u00e5rdshammar, Datorama AB, Abacus Sales AB, A. Rentall AB and Mecapto AB plus\u00a0 Svanstr\u00f6ms Lackeringar AB, Rondic Invest AB.<\/p>\n<p><em><strong>Background<\/strong><\/em>: Thomas Olofsson is an entrepreneur with 20 years of experience from the engineering industry. He has built and developed a number of industrial, staffing and real estate companies.<\/p>\n<p>Independent form the company and its management but not from major shareholders.<\/p>\n<p><em><strong>Holdings in the Company<\/strong><\/em>: 4,453,483 shares (incl. corporate holdings).<\/p>\n<p>&nbsp;<\/p>\n<h4><strong>Jonas Bengtsson<\/strong><\/h4>\n<p><strong>Board Member since 2011<\/strong><\/p>\n<p><strong>Born:<\/strong> 1969<\/p>\n<p><em><strong>Education<\/strong><\/em>: MBA, Stockholm University.<\/p>\n<p><em><strong>Other assignments<\/strong><\/em>:\u00a0 Board member of Bengtssons Tidnings AB with subsidiaries, Zensum AB,\u00a0 Jonas Bengtsson Invest AB with subsidiaries and\u00a0 Svenska Nyttobost\u00e4der AB with subsidiaries.<\/p>\n<p><em><strong>Background<\/strong><\/em>: Jonas Bengtsson is a partner at BTAB Invest and has 15 years experience in the financial sector and the development of small and medium-sized industrial and property companies.<\/p>\n<p>Independent form the company and its management but not from major shareholders.<\/p>\n<p><strong><em>Holdings in the Company<\/em>:<\/strong> 524,105 shares directly and 7,799,238 shares through corporate holdings.<\/p>\n<p><span class=\"divider\">\u00a0<\/span><\/p>\n<h4><strong>Timo Lindborg<\/strong><\/h4>\n<p><strong>Board Member since\u00a0 2019<\/strong><\/p>\n<p><strong><em>Born:<\/em><\/strong> 1955<\/p>\n<p><em><strong>Education:<\/strong><\/em> Doctor of Technology, Master of Science in Engineering and Bachelor of Science in Geology. Adjunct Professor at Oulu University: Business Processes in the Mining Industry.<\/p>\n<p><strong><em>Other assignments:\u00a0<\/em><\/strong> Timo Lindborg is an independant consultant and managing director of Arkkitehti- ja ymp\u00e4rist\u00f6suunnittelu Hentil\u00e4 &amp; Lindborg Oy<\/p>\n<p><strong><em>Background:<\/em><\/strong> More than 35 years experience from mining projects and Nordic companies including being managing director of Endomines AB (publ), Endomines Oy and Kalvinit Oy.<\/p>\n<p>Independent form the company and its management amd large shareholders.<\/p>\n<p><strong><em>Holdings in the Company:\u00a0<\/em><\/strong><em> 26\u00a0500 <\/em>shares indirectly<\/p>\n<p>&nbsp;<\/p>\n<h4><strong>G\u00f6sta Bergman<\/strong><\/h4>\n<p><strong>Board Member since\u00a0 August 2018<\/strong><\/p>\n<p><strong><em>Born:<\/em><\/strong> 1950<\/p>\n<p><em><strong>Education:<\/strong><\/em> LL.B. from StockholmUniversity<\/p>\n<p><strong><em>Other assignments:\u00a0<\/em><\/strong> Chairman of the Board in OptiMobile AB and owner of Advokatfirman Bergman &amp; Partners AB<\/p>\n<p><strong><em>Background:<\/em><\/strong> Business Lawyer since 1978 with experience from companies including Ericsson, Unisys, Ovako Steel and as chairman of the board of Gr\u00e4ngesberg Iron AB.<\/p>\n<p>Independent form the company and its management and from major shareholders.<\/p>\n<p><strong><em>Holdings in the Company: <\/em><\/strong>&#8211;<\/p>\n<hr \/>\n<h2>Management<\/h2>\n<h4><strong>Ronne Hamerslag<\/strong><\/h4>\n<p>Chief Executive Officer since july 2022<\/p>\n<p><strong>Born: 1969<\/strong><\/p>\n<p><strong>Education: <\/strong>M.Sc in Metallurgy and Materials Technology, Royal Institute of Technology (KTH), Stockholm<\/p>\n<p><strong>Background: <\/strong>Ronne has previously held a managerial roles within Boliden&#8217;s raw materials supply and the procurement organization. Prior to that, he has held a number of operational and business leadership roles in international operations. Ronne also has experience from several start-up companies and board positions.<\/p>\n<p><strong>Other assignments:<\/strong>\u00a0 Board Member of the subsidiary Ludvika Gruvor AB. Board Member Mahvie Minerals AB<\/p>\n<p><strong>Holdings in the Company: <\/strong>&#8211;<\/p>\n<p>&nbsp;<\/p>\n<h4><strong>Hans Thorshag<\/strong><\/h4>\n<p>Technical director since 2011<\/p>\n<p><strong>Born<\/strong>:1950<\/p>\n<p><strong>Education<\/strong>: Mining Engineer, Royal Institute of Technology (Kungliga Tekniska h\u00f6gskolan), Stockholm, Sweden<\/p>\n<p><strong>Background<\/strong>: Hans Thorshag has more than 37 years\u2019 experience from the mining industry as a project manager, production manager and mining specialist at companies such as LKAB, Boliden, Midroc Gold and Lundin Mining. Also, he is nominated Qualified Person in accordance with SveMin\u2019s regulatory framework.<\/p>\n<p><strong>Other assignments<\/strong>: Board member of HT Mineral AB and partner in Mining and Milling in Bergslagen Handelsbolag.<\/p>\n<p><strong>Holdings in the Company:<\/strong> 14 000 shares.<\/p>\n<p>&nbsp;<\/p>\n<h4><strong>Paul Marsden<\/strong><strong>\u00a0<\/strong><\/h4>\n<p>Technical and Marketing advisor\u00a0 since 2011<\/p>\n<p><strong><em>Born:<\/em><\/strong> 1957<\/p>\n<p><strong>Education:\u00a0<\/strong>Bachelor of Science in geology, Aston University, Birmingham, UK, Chartered Engineer (C Eng) and Chartered Scientist (CSci).<\/p>\n<p><strong>Background<\/strong>: Paul Marsden has over 35 years\u2019 experience in the development of iron ore and steel industry projects globally and has, in recent years, held various executive positions at NIO and Northland Resources SA, most recently as Technical Sales and Marketing Director at NIO and VP Business Development at NAUR. Prior to this, Paul Marsden was engaged as a consultant in the international mining, iron and steel industries, including nearly 27 years with Corus Consulting (formerly British Steel Consultants Ltd). Paul Marsden\u2019s last position at Corus Consulting was as project director which included, among other things, responsibility for managing industry development projects and feasibility studies. Paul\u2019s expertise is in mineral processing, alternative iron-making processes and global iron ore markets. Paul Marsden is nominated a Qualified Person in accordance with the Institute of Metals, Minerals and Mining (IOM3) and its regulatory framework.<\/p>\n<p><strong>Other assignments<\/strong>: No other assignments.<\/p>\n<p><strong><em>Innehav i bolaget: <\/em><\/strong>17 740 Shares.<\/p>\n<p>&nbsp;<\/p>\n","protected":false},"excerpt":{"rendered":"<p>Corporate governance is a set of tools consisting of applicable rules, regulations and processes by which companies are operated, regulated and controlled in order to ensure that they are run in the best interest of the shareholders and in accordance with applicable laws and regulations. Corporate governance is exercised through structures of decision making and &hellip; <a href=\"https:\/\/dev.nordicironore.se\/en\/ir\/corporate-governance\/\" class=\"more-link\">Continue reading <span class=\"screen-reader-text\">Corporate governance<\/span> <span class=\"meta-nav\">&rarr;<\/span><\/a><\/p>\n","protected":false},"author":1,"featured_media":0,"parent":109,"menu_order":0,"comment_status":"closed","ping_status":"closed","template":"corporate-governance.php","meta":{"_acf_changed":false,"_monsterinsights_skip_tracking":false,"_monsterinsights_sitenote_active":false,"_monsterinsights_sitenote_note":"","_monsterinsights_sitenote_category":0,"footnotes":""},"class_list":["post-353","page","type-page","status-publish","hentry"],"acf":[],"yoast_head":"<!-- This site is optimized with the Yoast SEO plugin v24.0 - https:\/\/yoast.com\/wordpress\/plugins\/seo\/ -->\n<title>Corporate governance - Nordic Iron Ore<\/title>\n<meta name=\"robots\" content=\"noindex, follow, max-snippet:-1, max-image-preview:large, max-video-preview:-1\" \/>\n<meta property=\"og:locale\" content=\"en_US\" \/>\n<meta property=\"og:type\" content=\"article\" \/>\n<meta property=\"og:title\" content=\"Corporate governance - Nordic Iron Ore\" \/>\n<meta property=\"og:description\" content=\"Corporate governance is a set of tools consisting of applicable rules, regulations and processes by which companies are operated, regulated and controlled in order to ensure that they are run in the best interest of the shareholders and in accordance with applicable laws and regulations. Corporate governance is exercised through structures of decision making and &hellip; Continue reading Corporate governance &rarr;\" \/>\n<meta property=\"og:url\" content=\"https:\/\/dev.nordicironore.se\/en\/ir\/corporate-governance\/\" \/>\n<meta property=\"og:site_name\" content=\"Nordic Iron Ore\" \/>\n<meta property=\"article:modified_time\" content=\"2023-11-10T15:02:11+00:00\" \/>\n<meta property=\"og:image\" content=\"https:\/\/dev.nordicironore.se\/wp-content\/uploads\/2022\/09\/1000_f_186153640_sdgwnmw9ateximrulpux2r6mfy1ie45x.jpg\" \/>\n\t<meta property=\"og:image:width\" content=\"1000\" \/>\n\t<meta property=\"og:image:height\" content=\"662\" \/>\n\t<meta property=\"og:image:type\" content=\"image\/jpeg\" \/>\n<meta name=\"twitter:card\" content=\"summary_large_image\" \/>\n<meta name=\"twitter:label1\" content=\"Est. reading time\" \/>\n\t<meta name=\"twitter:data1\" content=\"4 minutes\" \/>\n<script type=\"application\/ld+json\" class=\"yoast-schema-graph\">{\"@context\":\"https:\/\/schema.org\",\"@graph\":[{\"@type\":\"WebPage\",\"@id\":\"https:\/\/dev.nordicironore.se\/en\/ir\/corporate-governance\/\",\"url\":\"https:\/\/dev.nordicironore.se\/en\/ir\/corporate-governance\/\",\"name\":\"Corporate governance - Nordic Iron Ore\",\"isPartOf\":{\"@id\":\"https:\/\/dev.nordicironore.se\/#website\"},\"datePublished\":\"2016-01-20T11:51:01+00:00\",\"dateModified\":\"2023-11-10T15:02:11+00:00\",\"breadcrumb\":{\"@id\":\"https:\/\/dev.nordicironore.se\/en\/ir\/corporate-governance\/#breadcrumb\"},\"inLanguage\":\"en-US\",\"potentialAction\":[{\"@type\":\"ReadAction\",\"target\":[\"https:\/\/dev.nordicironore.se\/en\/ir\/corporate-governance\/\"]}]},{\"@type\":\"BreadcrumbList\",\"@id\":\"https:\/\/dev.nordicironore.se\/en\/ir\/corporate-governance\/#breadcrumb\",\"itemListElement\":[{\"@type\":\"ListItem\",\"position\":1,\"name\":\"Investors (IR)\",\"item\":\"https:\/\/dev.nordicironore.se\/en\/ir\/\"},{\"@type\":\"ListItem\",\"position\":2,\"name\":\"Corporate governance\"}]},{\"@type\":\"WebSite\",\"@id\":\"https:\/\/dev.nordicironore.se\/#website\",\"url\":\"https:\/\/dev.nordicironore.se\/\",\"name\":\"Nordic Iron Ore\",\"description\":\"Ett gruvutvecklingsbolag i so\u0308dra Dalarna\",\"potentialAction\":[{\"@type\":\"SearchAction\",\"target\":{\"@type\":\"EntryPoint\",\"urlTemplate\":\"https:\/\/dev.nordicironore.se\/?s={search_term_string}\"},\"query-input\":{\"@type\":\"PropertyValueSpecification\",\"valueRequired\":true,\"valueName\":\"search_term_string\"}}],\"inLanguage\":\"en-US\"}]}<\/script>\n<!-- \/ Yoast SEO plugin. -->","yoast_head_json":{"title":"Corporate governance - Nordic Iron Ore","robots":{"index":"noindex","follow":"follow","max-snippet":"max-snippet:-1","max-image-preview":"max-image-preview:large","max-video-preview":"max-video-preview:-1"},"og_locale":"en_US","og_type":"article","og_title":"Corporate governance - Nordic Iron Ore","og_description":"Corporate governance is a set of tools consisting of applicable rules, regulations and processes by which companies are operated, regulated and controlled in order to ensure that they are run in the best interest of the shareholders and in accordance with applicable laws and regulations. Corporate governance is exercised through structures of decision making and &hellip; Continue reading Corporate governance &rarr;","og_url":"https:\/\/dev.nordicironore.se\/en\/ir\/corporate-governance\/","og_site_name":"Nordic Iron Ore","article_modified_time":"2023-11-10T15:02:11+00:00","og_image":[{"width":1000,"height":662,"url":"https:\/\/dev.nordicironore.se\/wp-content\/uploads\/2022\/09\/1000_f_186153640_sdgwnmw9ateximrulpux2r6mfy1ie45x.jpg","type":"image\/jpeg"}],"twitter_card":"summary_large_image","twitter_misc":{"Est. reading time":"4 minutes"},"schema":{"@context":"https:\/\/schema.org","@graph":[{"@type":"WebPage","@id":"https:\/\/dev.nordicironore.se\/en\/ir\/corporate-governance\/","url":"https:\/\/dev.nordicironore.se\/en\/ir\/corporate-governance\/","name":"Corporate governance - Nordic Iron Ore","isPartOf":{"@id":"https:\/\/dev.nordicironore.se\/#website"},"datePublished":"2016-01-20T11:51:01+00:00","dateModified":"2023-11-10T15:02:11+00:00","breadcrumb":{"@id":"https:\/\/dev.nordicironore.se\/en\/ir\/corporate-governance\/#breadcrumb"},"inLanguage":"en-US","potentialAction":[{"@type":"ReadAction","target":["https:\/\/dev.nordicironore.se\/en\/ir\/corporate-governance\/"]}]},{"@type":"BreadcrumbList","@id":"https:\/\/dev.nordicironore.se\/en\/ir\/corporate-governance\/#breadcrumb","itemListElement":[{"@type":"ListItem","position":1,"name":"Investors (IR)","item":"https:\/\/dev.nordicironore.se\/en\/ir\/"},{"@type":"ListItem","position":2,"name":"Corporate governance"}]},{"@type":"WebSite","@id":"https:\/\/dev.nordicironore.se\/#website","url":"https:\/\/dev.nordicironore.se\/","name":"Nordic Iron Ore","description":"Ett gruvutvecklingsbolag i so\u0308dra Dalarna","potentialAction":[{"@type":"SearchAction","target":{"@type":"EntryPoint","urlTemplate":"https:\/\/dev.nordicironore.se\/?s={search_term_string}"},"query-input":{"@type":"PropertyValueSpecification","valueRequired":true,"valueName":"search_term_string"}}],"inLanguage":"en-US"}]}},"_links":{"self":[{"href":"https:\/\/dev.nordicironore.se\/en\/wp-json\/wp\/v2\/pages\/353","targetHints":{"allow":["GET"]}}],"collection":[{"href":"https:\/\/dev.nordicironore.se\/en\/wp-json\/wp\/v2\/pages"}],"about":[{"href":"https:\/\/dev.nordicironore.se\/en\/wp-json\/wp\/v2\/types\/page"}],"author":[{"embeddable":true,"href":"https:\/\/dev.nordicironore.se\/en\/wp-json\/wp\/v2\/users\/1"}],"replies":[{"embeddable":true,"href":"https:\/\/dev.nordicironore.se\/en\/wp-json\/wp\/v2\/comments?post=353"}],"version-history":[{"count":12,"href":"https:\/\/dev.nordicironore.se\/en\/wp-json\/wp\/v2\/pages\/353\/revisions"}],"predecessor-version":[{"id":2860,"href":"https:\/\/dev.nordicironore.se\/en\/wp-json\/wp\/v2\/pages\/353\/revisions\/2860"}],"up":[{"embeddable":true,"href":"https:\/\/dev.nordicironore.se\/en\/wp-json\/wp\/v2\/pages\/109"}],"wp:attachment":[{"href":"https:\/\/dev.nordicironore.se\/en\/wp-json\/wp\/v2\/media?parent=353"}],"curies":[{"name":"wp","href":"https:\/\/api.w.org\/{rel}","templated":true}]}}