{"id":31,"date":"2016-01-11T20:48:18","date_gmt":"2016-01-11T19:48:18","guid":{"rendered":"https:\/\/dev.nordicironore.se\/ha%cc%8aksberg\/?lang=en"},"modified":"2022-10-03T09:43:56","modified_gmt":"2022-10-03T07:43:56","slug":"haksberg","status":"publish","type":"page","link":"https:\/\/dev.nordicironore.se\/en\/operations\/haksberg\/","title":{"rendered":"Ha\u030aksberg"},"content":{"rendered":"<p>H\u00e5ksberg is the third field that Nordic Iron Ore will process after Bl\u00f6tberget and the V\u00e4sman field. The mineralisations at the H\u00e5ksberg field occur in four elongated parallel zones, from Iviken by Lake V\u00e4sman in the south to K\u00e4llbotten in the north. The iron oxide minerals comprise approximately 80 per cent magnetite and 20 per cent hematite.<\/p>\n<p>The indicated mineral resources at the H\u00e5ksberg field down to the 350-metre level have been estimated at 25.4 million tonnes with an average iron content of 36.4 per cent. Below the 350-meter level, historical deep-hole drilling down to around 800 metres, suggests that the ore bodies continue to depth. Current mineral resource estimates indicate at least 11.6 million tonnes with an iron content of around 36.0 per cent, according to the JORC standard.<\/p>\n","protected":false},"excerpt":{"rendered":"<p>Mining concession granted 2012.<br \/>\nEnvironmental permit granted 2014<\/p>\n","protected":false},"author":1,"featured_media":2684,"parent":172,"menu_order":0,"comment_status":"closed","ping_status":"closed","template":"","meta":{"_acf_changed":false,"_monsterinsights_skip_tracking":false,"_monsterinsights_sitenote_active":false,"_monsterinsights_sitenote_note":"","_monsterinsights_sitenote_category":0,"footnotes":""},"class_list":["post-31","page","type-page","status-publish","has-post-thumbnail","hentry"],"acf":[],"yoast_head":"<!-- This site is optimized with the Yoast SEO plugin v24.0 - https:\/\/yoast.com\/wordpress\/plugins\/seo\/ -->\n<title>Ha\u030aksberg - Nordic Iron Ore<\/title>\n<meta name=\"robots\" content=\"noindex, follow, max-snippet:-1, max-image-preview:large, max-video-preview:-1\" \/>\n<meta property=\"og:locale\" content=\"en_US\" \/>\n<meta property=\"og:type\" content=\"article\" \/>\n<meta property=\"og:title\" content=\"Ha\u030aksberg - Nordic Iron Ore\" \/>\n<meta property=\"og:description\" content=\"Mining concession granted 2012.  Environmental permit granted 2014\" \/>\n<meta property=\"og:url\" content=\"https:\/\/dev.nordicironore.se\/en\/operations\/haksberg\/\" \/>\n<meta property=\"og:site_name\" content=\"Nordic Iron Ore\" \/>\n<meta property=\"article:modified_time\" content=\"2022-10-03T07:43:56+00:00\" \/>\n<meta property=\"og:image\" content=\"https:\/\/dev.nordicironore.se\/wp-content\/uploads\/2022\/09\/haksberg-1.webp\" \/>\n\t<meta property=\"og:image:width\" content=\"1000\" \/>\n\t<meta property=\"og:image:height\" content=\"589\" \/>\n\t<meta property=\"og:image:type\" content=\"image\/webp\" \/>\n<meta name=\"twitter:card\" content=\"summary_large_image\" \/>\n<meta name=\"twitter:label1\" content=\"Est. reading time\" \/>\n\t<meta name=\"twitter:data1\" content=\"1 minute\" \/>\n<script type=\"application\/ld+json\" class=\"yoast-schema-graph\">{\"@context\":\"https:\/\/schema.org\",\"@graph\":[{\"@type\":\"WebPage\",\"@id\":\"https:\/\/dev.nordicironore.se\/en\/operations\/haksberg\/\",\"url\":\"https:\/\/dev.nordicironore.se\/en\/operations\/haksberg\/\",\"name\":\"Ha\u030aksberg - Nordic Iron Ore\",\"isPartOf\":{\"@id\":\"https:\/\/dev.nordicironore.se\/#website\"},\"primaryImageOfPage\":{\"@id\":\"https:\/\/dev.nordicironore.se\/en\/operations\/haksberg\/#primaryimage\"},\"image\":{\"@id\":\"https:\/\/dev.nordicironore.se\/en\/operations\/haksberg\/#primaryimage\"},\"thumbnailUrl\":\"https:\/\/dev.nordicironore.se\/wp-content\/uploads\/2022\/09\/haksberg-1.webp\",\"datePublished\":\"2016-01-11T19:48:18+00:00\",\"dateModified\":\"2022-10-03T07:43:56+00:00\",\"breadcrumb\":{\"@id\":\"https:\/\/dev.nordicironore.se\/en\/operations\/haksberg\/#breadcrumb\"},\"inLanguage\":\"en-US\",\"potentialAction\":[{\"@type\":\"ReadAction\",\"target\":[\"https:\/\/dev.nordicironore.se\/en\/operations\/haksberg\/\"]}]},{\"@type\":\"ImageObject\",\"inLanguage\":\"en-US\",\"@id\":\"https:\/\/dev.nordicironore.se\/en\/operations\/haksberg\/#primaryimage\",\"url\":\"https:\/\/dev.nordicironore.se\/wp-content\/uploads\/2022\/09\/haksberg-1.webp\",\"contentUrl\":\"https:\/\/dev.nordicironore.se\/wp-content\/uploads\/2022\/09\/haksberg-1.webp\",\"width\":1000,\"height\":589},{\"@type\":\"BreadcrumbList\",\"@id\":\"https:\/\/dev.nordicironore.se\/en\/operations\/haksberg\/#breadcrumb\",\"itemListElement\":[{\"@type\":\"ListItem\",\"position\":1,\"name\":\"Nordic Iron Ore will produce a highgrade iron ore concentrate for green steelmaking\",\"item\":\"https:\/\/dev.nordicironore.se\/en\/operations\/\"},{\"@type\":\"ListItem\",\"position\":2,\"name\":\"Ha\u030aksberg\"}]},{\"@type\":\"WebSite\",\"@id\":\"https:\/\/dev.nordicironore.se\/#website\",\"url\":\"https:\/\/dev.nordicironore.se\/\",\"name\":\"Nordic Iron Ore\",\"description\":\"Ett gruvutvecklingsbolag i so\u0308dra Dalarna\",\"potentialAction\":[{\"@type\":\"SearchAction\",\"target\":{\"@type\":\"EntryPoint\",\"urlTemplate\":\"https:\/\/dev.nordicironore.se\/?s={search_term_string}\"},\"query-input\":{\"@type\":\"PropertyValueSpecification\",\"valueRequired\":true,\"valueName\":\"search_term_string\"}}],\"inLanguage\":\"en-US\"}]}<\/script>\n<!-- \/ Yoast SEO plugin. -->","yoast_head_json":{"title":"Ha\u030aksberg - Nordic Iron Ore","robots":{"index":"noindex","follow":"follow","max-snippet":"max-snippet:-1","max-image-preview":"max-image-preview:large","max-video-preview":"max-video-preview:-1"},"og_locale":"en_US","og_type":"article","og_title":"Ha\u030aksberg - Nordic Iron Ore","og_description":"Mining concession granted 2012.  Environmental permit granted 2014","og_url":"https:\/\/dev.nordicironore.se\/en\/operations\/haksberg\/","og_site_name":"Nordic Iron Ore","article_modified_time":"2022-10-03T07:43:56+00:00","og_image":[{"width":1000,"height":589,"url":"https:\/\/dev.nordicironore.se\/wp-content\/uploads\/2022\/09\/haksberg-1.webp","type":"image\/webp"}],"twitter_card":"summary_large_image","twitter_misc":{"Est. reading time":"1 minute"},"schema":{"@context":"https:\/\/schema.org","@graph":[{"@type":"WebPage","@id":"https:\/\/dev.nordicironore.se\/en\/operations\/haksberg\/","url":"https:\/\/dev.nordicironore.se\/en\/operations\/haksberg\/","name":"Ha\u030aksberg - Nordic Iron Ore","isPartOf":{"@id":"https:\/\/dev.nordicironore.se\/#website"},"primaryImageOfPage":{"@id":"https:\/\/dev.nordicironore.se\/en\/operations\/haksberg\/#primaryimage"},"image":{"@id":"https:\/\/dev.nordicironore.se\/en\/operations\/haksberg\/#primaryimage"},"thumbnailUrl":"https:\/\/dev.nordicironore.se\/wp-content\/uploads\/2022\/09\/haksberg-1.webp","datePublished":"2016-01-11T19:48:18+00:00","dateModified":"2022-10-03T07:43:56+00:00","breadcrumb":{"@id":"https:\/\/dev.nordicironore.se\/en\/operations\/haksberg\/#breadcrumb"},"inLanguage":"en-US","potentialAction":[{"@type":"ReadAction","target":["https:\/\/dev.nordicironore.se\/en\/operations\/haksberg\/"]}]},{"@type":"ImageObject","inLanguage":"en-US","@id":"https:\/\/dev.nordicironore.se\/en\/operations\/haksberg\/#primaryimage","url":"https:\/\/dev.nordicironore.se\/wp-content\/uploads\/2022\/09\/haksberg-1.webp","contentUrl":"https:\/\/dev.nordicironore.se\/wp-content\/uploads\/2022\/09\/haksberg-1.webp","width":1000,"height":589},{"@type":"BreadcrumbList","@id":"https:\/\/dev.nordicironore.se\/en\/operations\/haksberg\/#breadcrumb","itemListElement":[{"@type":"ListItem","position":1,"name":"Nordic Iron Ore will produce a highgrade iron ore concentrate for green steelmaking","item":"https:\/\/dev.nordicironore.se\/en\/operations\/"},{"@type":"ListItem","position":2,"name":"Ha\u030aksberg"}]},{"@type":"WebSite","@id":"https:\/\/dev.nordicironore.se\/#website","url":"https:\/\/dev.nordicironore.se\/","name":"Nordic Iron Ore","description":"Ett gruvutvecklingsbolag i so\u0308dra Dalarna","potentialAction":[{"@type":"SearchAction","target":{"@type":"EntryPoint","urlTemplate":"https:\/\/dev.nordicironore.se\/?s={search_term_string}"},"query-input":{"@type":"PropertyValueSpecification","valueRequired":true,"valueName":"search_term_string"}}],"inLanguage":"en-US"}]}},"_links":{"self":[{"href":"https:\/\/dev.nordicironore.se\/en\/wp-json\/wp\/v2\/pages\/31","targetHints":{"allow":["GET"]}}],"collection":[{"href":"https:\/\/dev.nordicironore.se\/en\/wp-json\/wp\/v2\/pages"}],"about":[{"href":"https:\/\/dev.nordicironore.se\/en\/wp-json\/wp\/v2\/types\/page"}],"author":[{"embeddable":true,"href":"https:\/\/dev.nordicironore.se\/en\/wp-json\/wp\/v2\/users\/1"}],"replies":[{"embeddable":true,"href":"https:\/\/dev.nordicironore.se\/en\/wp-json\/wp\/v2\/comments?post=31"}],"version-history":[{"count":15,"href":"https:\/\/dev.nordicironore.se\/en\/wp-json\/wp\/v2\/pages\/31\/revisions"}],"predecessor-version":[{"id":2817,"href":"https:\/\/dev.nordicironore.se\/en\/wp-json\/wp\/v2\/pages\/31\/revisions\/2817"}],"up":[{"embeddable":true,"href":"https:\/\/dev.nordicironore.se\/en\/wp-json\/wp\/v2\/pages\/172"}],"wp:featuredmedia":[{"embeddable":true,"href":"https:\/\/dev.nordicironore.se\/en\/wp-json\/wp\/v2\/media\/2684"}],"wp:attachment":[{"href":"https:\/\/dev.nordicironore.se\/en\/wp-json\/wp\/v2\/media?parent=31"}],"curies":[{"name":"wp","href":"https:\/\/api.w.org\/{rel}","templated":true}]}}