{"id":29,"date":"2016-01-11T20:49:20","date_gmt":"2016-01-11T19:49:20","guid":{"rendered":"https:\/\/dev.nordicironore.se\/va%cc%88smanfa%cc%88ltet\/?lang=en"},"modified":"2022-10-03T09:42:45","modified_gmt":"2022-10-03T07:42:45","slug":"the-vasman-field","status":"publish","type":"page","link":"https:\/\/dev.nordicironore.se\/en\/operations\/the-vasman-field\/","title":{"rendered":"The V\u00e4sman field  \u2013 a field with great potential"},"content":{"rendered":"<p>The V\u00e4sman field has a very favourable geographic location. The field is close to the Bl\u00f6tberg mine and its planned industrial areas and is a direct southern continuation of the iron mineralisations in the H\u00e5ksberg field. This means that, in terms of logistics and infrastructure, the V\u00e4sman field may benefit from the logistics and concentration investments planned for Bl\u00f6tberget.<\/p>\n<p>Magnetic measurements have shown that under V\u00e4sman, down to a depth of 300 meters, there are 47 magnetic ore bodies that contain a total of 600 &#8211; 650 million tons of iron mineralization, which are classified as &#8220;exploration targets&#8221;, according to the JORC standard.<\/p>\n","protected":false},"excerpt":{"rendered":"<p>Mining concession for V\u00e4sman granted by Bergsstaten in December 2017<\/p>\n","protected":false},"author":1,"featured_media":2766,"parent":172,"menu_order":0,"comment_status":"closed","ping_status":"closed","template":"","meta":{"_acf_changed":false,"_monsterinsights_skip_tracking":false,"_monsterinsights_sitenote_active":false,"_monsterinsights_sitenote_note":"","_monsterinsights_sitenote_category":0,"footnotes":""},"class_list":["post-29","page","type-page","status-publish","has-post-thumbnail","hentry"],"acf":[],"yoast_head":"<!-- This site is optimized with the Yoast SEO plugin v24.0 - https:\/\/yoast.com\/wordpress\/plugins\/seo\/ -->\n<title>The V\u00e4sman field \u2013 a field with great potential - Nordic Iron Ore<\/title>\n<meta name=\"robots\" content=\"noindex, follow, max-snippet:-1, max-image-preview:large, max-video-preview:-1\" \/>\n<meta property=\"og:locale\" content=\"en_US\" \/>\n<meta property=\"og:type\" content=\"article\" \/>\n<meta property=\"og:title\" content=\"The V\u00e4sman field \u2013 a field with great potential - Nordic Iron Ore\" \/>\n<meta property=\"og:description\" content=\"Mining concession for V\u00e4sman granted by Bergsstaten in December 2017\" \/>\n<meta property=\"og:url\" content=\"https:\/\/dev.nordicironore.se\/en\/operations\/the-vasman-field\/\" \/>\n<meta property=\"og:site_name\" content=\"Nordic Iron Ore\" \/>\n<meta property=\"article:modified_time\" content=\"2022-10-03T07:42:45+00:00\" \/>\n<meta property=\"og:image\" content=\"https:\/\/dev.nordicironore.se\/wp-content\/uploads\/2022\/10\/vasman.webp\" \/>\n\t<meta property=\"og:image:width\" content=\"2000\" \/>\n\t<meta property=\"og:image:height\" content=\"663\" \/>\n\t<meta property=\"og:image:type\" content=\"image\/webp\" \/>\n<meta name=\"twitter:card\" content=\"summary_large_image\" \/>\n<meta name=\"twitter:label1\" content=\"Est. reading time\" \/>\n\t<meta name=\"twitter:data1\" content=\"1 minute\" \/>\n<script type=\"application\/ld+json\" class=\"yoast-schema-graph\">{\"@context\":\"https:\/\/schema.org\",\"@graph\":[{\"@type\":\"WebPage\",\"@id\":\"https:\/\/dev.nordicironore.se\/en\/operations\/the-vasman-field\/\",\"url\":\"https:\/\/dev.nordicironore.se\/en\/operations\/the-vasman-field\/\",\"name\":\"The V\u00e4sman field \u2013 a field with great potential - Nordic Iron Ore\",\"isPartOf\":{\"@id\":\"https:\/\/dev.nordicironore.se\/#website\"},\"primaryImageOfPage\":{\"@id\":\"https:\/\/dev.nordicironore.se\/en\/operations\/the-vasman-field\/#primaryimage\"},\"image\":{\"@id\":\"https:\/\/dev.nordicironore.se\/en\/operations\/the-vasman-field\/#primaryimage\"},\"thumbnailUrl\":\"https:\/\/dev.nordicironore.se\/wp-content\/uploads\/2022\/10\/vasman.webp\",\"datePublished\":\"2016-01-11T19:49:20+00:00\",\"dateModified\":\"2022-10-03T07:42:45+00:00\",\"breadcrumb\":{\"@id\":\"https:\/\/dev.nordicironore.se\/en\/operations\/the-vasman-field\/#breadcrumb\"},\"inLanguage\":\"en-US\",\"potentialAction\":[{\"@type\":\"ReadAction\",\"target\":[\"https:\/\/dev.nordicironore.se\/en\/operations\/the-vasman-field\/\"]}]},{\"@type\":\"ImageObject\",\"inLanguage\":\"en-US\",\"@id\":\"https:\/\/dev.nordicironore.se\/en\/operations\/the-vasman-field\/#primaryimage\",\"url\":\"https:\/\/dev.nordicironore.se\/wp-content\/uploads\/2022\/10\/vasman.webp\",\"contentUrl\":\"https:\/\/dev.nordicironore.se\/wp-content\/uploads\/2022\/10\/vasman.webp\",\"width\":2000,\"height\":663},{\"@type\":\"BreadcrumbList\",\"@id\":\"https:\/\/dev.nordicironore.se\/en\/operations\/the-vasman-field\/#breadcrumb\",\"itemListElement\":[{\"@type\":\"ListItem\",\"position\":1,\"name\":\"Nordic Iron Ore will produce a highgrade iron ore concentrate for green steelmaking\",\"item\":\"https:\/\/dev.nordicironore.se\/en\/operations\/\"},{\"@type\":\"ListItem\",\"position\":2,\"name\":\"The V\u00e4sman field \u2013 a field with great potential\"}]},{\"@type\":\"WebSite\",\"@id\":\"https:\/\/dev.nordicironore.se\/#website\",\"url\":\"https:\/\/dev.nordicironore.se\/\",\"name\":\"Nordic Iron Ore\",\"description\":\"Ett gruvutvecklingsbolag i so\u0308dra Dalarna\",\"potentialAction\":[{\"@type\":\"SearchAction\",\"target\":{\"@type\":\"EntryPoint\",\"urlTemplate\":\"https:\/\/dev.nordicironore.se\/?s={search_term_string}\"},\"query-input\":{\"@type\":\"PropertyValueSpecification\",\"valueRequired\":true,\"valueName\":\"search_term_string\"}}],\"inLanguage\":\"en-US\"}]}<\/script>\n<!-- \/ Yoast SEO plugin. -->","yoast_head_json":{"title":"The V\u00e4sman field \u2013 a field with great potential - Nordic Iron Ore","robots":{"index":"noindex","follow":"follow","max-snippet":"max-snippet:-1","max-image-preview":"max-image-preview:large","max-video-preview":"max-video-preview:-1"},"og_locale":"en_US","og_type":"article","og_title":"The V\u00e4sman field \u2013 a field with great potential - Nordic Iron Ore","og_description":"Mining concession for V\u00e4sman granted by Bergsstaten in December 2017","og_url":"https:\/\/dev.nordicironore.se\/en\/operations\/the-vasman-field\/","og_site_name":"Nordic Iron Ore","article_modified_time":"2022-10-03T07:42:45+00:00","og_image":[{"width":2000,"height":663,"url":"https:\/\/dev.nordicironore.se\/wp-content\/uploads\/2022\/10\/vasman.webp","type":"image\/webp"}],"twitter_card":"summary_large_image","twitter_misc":{"Est. reading time":"1 minute"},"schema":{"@context":"https:\/\/schema.org","@graph":[{"@type":"WebPage","@id":"https:\/\/dev.nordicironore.se\/en\/operations\/the-vasman-field\/","url":"https:\/\/dev.nordicironore.se\/en\/operations\/the-vasman-field\/","name":"The V\u00e4sman field \u2013 a field with great potential - Nordic Iron Ore","isPartOf":{"@id":"https:\/\/dev.nordicironore.se\/#website"},"primaryImageOfPage":{"@id":"https:\/\/dev.nordicironore.se\/en\/operations\/the-vasman-field\/#primaryimage"},"image":{"@id":"https:\/\/dev.nordicironore.se\/en\/operations\/the-vasman-field\/#primaryimage"},"thumbnailUrl":"https:\/\/dev.nordicironore.se\/wp-content\/uploads\/2022\/10\/vasman.webp","datePublished":"2016-01-11T19:49:20+00:00","dateModified":"2022-10-03T07:42:45+00:00","breadcrumb":{"@id":"https:\/\/dev.nordicironore.se\/en\/operations\/the-vasman-field\/#breadcrumb"},"inLanguage":"en-US","potentialAction":[{"@type":"ReadAction","target":["https:\/\/dev.nordicironore.se\/en\/operations\/the-vasman-field\/"]}]},{"@type":"ImageObject","inLanguage":"en-US","@id":"https:\/\/dev.nordicironore.se\/en\/operations\/the-vasman-field\/#primaryimage","url":"https:\/\/dev.nordicironore.se\/wp-content\/uploads\/2022\/10\/vasman.webp","contentUrl":"https:\/\/dev.nordicironore.se\/wp-content\/uploads\/2022\/10\/vasman.webp","width":2000,"height":663},{"@type":"BreadcrumbList","@id":"https:\/\/dev.nordicironore.se\/en\/operations\/the-vasman-field\/#breadcrumb","itemListElement":[{"@type":"ListItem","position":1,"name":"Nordic Iron Ore will produce a highgrade iron ore concentrate for green steelmaking","item":"https:\/\/dev.nordicironore.se\/en\/operations\/"},{"@type":"ListItem","position":2,"name":"The V\u00e4sman field \u2013 a field with great potential"}]},{"@type":"WebSite","@id":"https:\/\/dev.nordicironore.se\/#website","url":"https:\/\/dev.nordicironore.se\/","name":"Nordic Iron Ore","description":"Ett gruvutvecklingsbolag i so\u0308dra Dalarna","potentialAction":[{"@type":"SearchAction","target":{"@type":"EntryPoint","urlTemplate":"https:\/\/dev.nordicironore.se\/?s={search_term_string}"},"query-input":{"@type":"PropertyValueSpecification","valueRequired":true,"valueName":"search_term_string"}}],"inLanguage":"en-US"}]}},"_links":{"self":[{"href":"https:\/\/dev.nordicironore.se\/en\/wp-json\/wp\/v2\/pages\/29","targetHints":{"allow":["GET"]}}],"collection":[{"href":"https:\/\/dev.nordicironore.se\/en\/wp-json\/wp\/v2\/pages"}],"about":[{"href":"https:\/\/dev.nordicironore.se\/en\/wp-json\/wp\/v2\/types\/page"}],"author":[{"embeddable":true,"href":"https:\/\/dev.nordicironore.se\/en\/wp-json\/wp\/v2\/users\/1"}],"replies":[{"embeddable":true,"href":"https:\/\/dev.nordicironore.se\/en\/wp-json\/wp\/v2\/comments?post=29"}],"version-history":[{"count":26,"href":"https:\/\/dev.nordicironore.se\/en\/wp-json\/wp\/v2\/pages\/29\/revisions"}],"predecessor-version":[{"id":2816,"href":"https:\/\/dev.nordicironore.se\/en\/wp-json\/wp\/v2\/pages\/29\/revisions\/2816"}],"up":[{"embeddable":true,"href":"https:\/\/dev.nordicironore.se\/en\/wp-json\/wp\/v2\/pages\/172"}],"wp:featuredmedia":[{"embeddable":true,"href":"https:\/\/dev.nordicironore.se\/en\/wp-json\/wp\/v2\/media\/2766"}],"wp:attachment":[{"href":"https:\/\/dev.nordicironore.se\/en\/wp-json\/wp\/v2\/media?parent=29"}],"curies":[{"name":"wp","href":"https:\/\/api.w.org\/{rel}","templated":true}]}}