{"id":149,"date":"2016-01-12T16:05:54","date_gmt":"2016-01-12T15:05:54","guid":{"rendered":"https:\/\/dev.nordicironore.se\/en\/?page_id=149"},"modified":"2022-09-22T14:07:06","modified_gmt":"2022-09-22T12:07:06","slug":"ir-contact","status":"publish","type":"page","link":"https:\/\/dev.nordicironore.se\/en\/ir\/ir-contact\/","title":{"rendered":"IR contact"},"content":{"rendered":"<p><strong>Ronne Hamerslag<br \/>\n<\/strong>CEO<\/p>\n<p>Telefon: 0240-88 301<\/p>\n<p>Nordic Iron Ore AB<br \/>\n\u00c5karev\u00e4gen 2<br \/>\n772 32 Gr\u00e4ngesberg<\/p>\n<p>&nbsp;<\/p>\n<p>&nbsp;<\/p>\n<p>&nbsp;<\/p>\n","protected":false},"excerpt":{"rendered":"<p>Ronne Hamerslag CEO Telefon: 0240-88 301 Nordic Iron Ore AB \u00c5karev\u00e4gen 2 772 32 Gr\u00e4ngesberg &nbsp; &nbsp; &nbsp;<\/p>\n","protected":false},"author":1,"featured_media":0,"parent":109,"menu_order":0,"comment_status":"closed","ping_status":"closed","template":"","meta":{"_acf_changed":false,"_monsterinsights_skip_tracking":false,"_monsterinsights_sitenote_active":false,"_monsterinsights_sitenote_note":"","_monsterinsights_sitenote_category":0,"footnotes":""},"class_list":["post-149","page","type-page","status-publish","hentry"],"acf":[],"yoast_head":"<!-- This site is optimized with the Yoast SEO plugin v24.0 - https:\/\/yoast.com\/wordpress\/plugins\/seo\/ -->\n<title>IR contact - Nordic Iron Ore<\/title>\n<meta name=\"robots\" content=\"noindex, follow, max-snippet:-1, max-image-preview:large, max-video-preview:-1\" \/>\n<meta property=\"og:locale\" content=\"en_US\" \/>\n<meta property=\"og:type\" content=\"article\" \/>\n<meta property=\"og:title\" content=\"IR contact - Nordic Iron Ore\" \/>\n<meta property=\"og:description\" content=\"Ronne Hamerslag CEO Telefon: 0240-88 301 Nordic Iron Ore AB \u00c5karev\u00e4gen 2 772 32 Gr\u00e4ngesberg &nbsp; &nbsp; &nbsp;\" \/>\n<meta property=\"og:url\" content=\"https:\/\/dev.nordicironore.se\/en\/ir\/ir-contact\/\" \/>\n<meta property=\"og:site_name\" content=\"Nordic Iron Ore\" \/>\n<meta property=\"article:modified_time\" content=\"2022-09-22T12:07:06+00:00\" \/>\n<meta property=\"og:image\" content=\"https:\/\/dev.nordicironore.se\/wp-content\/uploads\/2022\/09\/1000_f_186153640_sdgwnmw9ateximrulpux2r6mfy1ie45x.jpg\" \/>\n\t<meta property=\"og:image:width\" content=\"1000\" \/>\n\t<meta property=\"og:image:height\" content=\"662\" \/>\n\t<meta property=\"og:image:type\" content=\"image\/jpeg\" \/>\n<meta name=\"twitter:card\" content=\"summary_large_image\" \/>\n<meta name=\"twitter:label1\" content=\"Est. reading time\" \/>\n\t<meta name=\"twitter:data1\" content=\"1 minute\" \/>\n<script type=\"application\/ld+json\" class=\"yoast-schema-graph\">{\"@context\":\"https:\/\/schema.org\",\"@graph\":[{\"@type\":\"WebPage\",\"@id\":\"https:\/\/dev.nordicironore.se\/en\/ir\/ir-contact\/\",\"url\":\"https:\/\/dev.nordicironore.se\/en\/ir\/ir-contact\/\",\"name\":\"IR contact - Nordic Iron Ore\",\"isPartOf\":{\"@id\":\"https:\/\/dev.nordicironore.se\/#website\"},\"datePublished\":\"2016-01-12T15:05:54+00:00\",\"dateModified\":\"2022-09-22T12:07:06+00:00\",\"breadcrumb\":{\"@id\":\"https:\/\/dev.nordicironore.se\/en\/ir\/ir-contact\/#breadcrumb\"},\"inLanguage\":\"en-US\",\"potentialAction\":[{\"@type\":\"ReadAction\",\"target\":[\"https:\/\/dev.nordicironore.se\/en\/ir\/ir-contact\/\"]}]},{\"@type\":\"BreadcrumbList\",\"@id\":\"https:\/\/dev.nordicironore.se\/en\/ir\/ir-contact\/#breadcrumb\",\"itemListElement\":[{\"@type\":\"ListItem\",\"position\":1,\"name\":\"Investors (IR)\",\"item\":\"https:\/\/dev.nordicironore.se\/en\/ir\/\"},{\"@type\":\"ListItem\",\"position\":2,\"name\":\"IR contact\"}]},{\"@type\":\"WebSite\",\"@id\":\"https:\/\/dev.nordicironore.se\/#website\",\"url\":\"https:\/\/dev.nordicironore.se\/\",\"name\":\"Nordic Iron Ore\",\"description\":\"Ett gruvutvecklingsbolag i so\u0308dra Dalarna\",\"potentialAction\":[{\"@type\":\"SearchAction\",\"target\":{\"@type\":\"EntryPoint\",\"urlTemplate\":\"https:\/\/dev.nordicironore.se\/?s={search_term_string}\"},\"query-input\":{\"@type\":\"PropertyValueSpecification\",\"valueRequired\":true,\"valueName\":\"search_term_string\"}}],\"inLanguage\":\"en-US\"}]}<\/script>\n<!-- \/ Yoast SEO plugin. -->","yoast_head_json":{"title":"IR contact - Nordic Iron Ore","robots":{"index":"noindex","follow":"follow","max-snippet":"max-snippet:-1","max-image-preview":"max-image-preview:large","max-video-preview":"max-video-preview:-1"},"og_locale":"en_US","og_type":"article","og_title":"IR contact - Nordic Iron Ore","og_description":"Ronne Hamerslag CEO Telefon: 0240-88 301 Nordic Iron Ore AB \u00c5karev\u00e4gen 2 772 32 Gr\u00e4ngesberg &nbsp; &nbsp; &nbsp;","og_url":"https:\/\/dev.nordicironore.se\/en\/ir\/ir-contact\/","og_site_name":"Nordic Iron Ore","article_modified_time":"2022-09-22T12:07:06+00:00","og_image":[{"width":1000,"height":662,"url":"https:\/\/dev.nordicironore.se\/wp-content\/uploads\/2022\/09\/1000_f_186153640_sdgwnmw9ateximrulpux2r6mfy1ie45x.jpg","type":"image\/jpeg"}],"twitter_card":"summary_large_image","twitter_misc":{"Est. reading time":"1 minute"},"schema":{"@context":"https:\/\/schema.org","@graph":[{"@type":"WebPage","@id":"https:\/\/dev.nordicironore.se\/en\/ir\/ir-contact\/","url":"https:\/\/dev.nordicironore.se\/en\/ir\/ir-contact\/","name":"IR contact - Nordic Iron Ore","isPartOf":{"@id":"https:\/\/dev.nordicironore.se\/#website"},"datePublished":"2016-01-12T15:05:54+00:00","dateModified":"2022-09-22T12:07:06+00:00","breadcrumb":{"@id":"https:\/\/dev.nordicironore.se\/en\/ir\/ir-contact\/#breadcrumb"},"inLanguage":"en-US","potentialAction":[{"@type":"ReadAction","target":["https:\/\/dev.nordicironore.se\/en\/ir\/ir-contact\/"]}]},{"@type":"BreadcrumbList","@id":"https:\/\/dev.nordicironore.se\/en\/ir\/ir-contact\/#breadcrumb","itemListElement":[{"@type":"ListItem","position":1,"name":"Investors (IR)","item":"https:\/\/dev.nordicironore.se\/en\/ir\/"},{"@type":"ListItem","position":2,"name":"IR contact"}]},{"@type":"WebSite","@id":"https:\/\/dev.nordicironore.se\/#website","url":"https:\/\/dev.nordicironore.se\/","name":"Nordic Iron Ore","description":"Ett gruvutvecklingsbolag i so\u0308dra Dalarna","potentialAction":[{"@type":"SearchAction","target":{"@type":"EntryPoint","urlTemplate":"https:\/\/dev.nordicironore.se\/?s={search_term_string}"},"query-input":{"@type":"PropertyValueSpecification","valueRequired":true,"valueName":"search_term_string"}}],"inLanguage":"en-US"}]}},"_links":{"self":[{"href":"https:\/\/dev.nordicironore.se\/en\/wp-json\/wp\/v2\/pages\/149","targetHints":{"allow":["GET"]}}],"collection":[{"href":"https:\/\/dev.nordicironore.se\/en\/wp-json\/wp\/v2\/pages"}],"about":[{"href":"https:\/\/dev.nordicironore.se\/en\/wp-json\/wp\/v2\/types\/page"}],"author":[{"embeddable":true,"href":"https:\/\/dev.nordicironore.se\/en\/wp-json\/wp\/v2\/users\/1"}],"replies":[{"embeddable":true,"href":"https:\/\/dev.nordicironore.se\/en\/wp-json\/wp\/v2\/comments?post=149"}],"version-history":[{"count":8,"href":"https:\/\/dev.nordicironore.se\/en\/wp-json\/wp\/v2\/pages\/149\/revisions"}],"predecessor-version":[{"id":2368,"href":"https:\/\/dev.nordicironore.se\/en\/wp-json\/wp\/v2\/pages\/149\/revisions\/2368"}],"up":[{"embeddable":true,"href":"https:\/\/dev.nordicironore.se\/en\/wp-json\/wp\/v2\/pages\/109"}],"wp:attachment":[{"href":"https:\/\/dev.nordicironore.se\/en\/wp-json\/wp\/v2\/media?parent=149"}],"curies":[{"name":"wp","href":"https:\/\/api.w.org\/{rel}","templated":true}]}}